{"id":13439,"date":"2021-11-25T01:37:43","date_gmt":"2021-11-25T01:37:43","guid":{"rendered":"https:\/\/videogameschile.com\/home\/?page_id=13439"},"modified":"2021-11-25T01:49:24","modified_gmt":"2021-11-25T01:49:24","slug":"estructura-gremial","status":"publish","type":"page","link":"https:\/\/videogameschile.com\/home\/estructura-gremial\/","title":{"rendered":"Estructura  Gremial"},"content":{"rendered":"\t\t<div data-elementor-type=\"wp-page\" data-elementor-id=\"13439\" class=\"elementor elementor-13439\" data-elementor-post-type=\"page\">\n\t\t\t\t\t\t<section class=\"elementor-section elementor-top-section elementor-element elementor-element-39b23476 elementor-section-stretched elementor-section-boxed elementor-section-height-default elementor-section-height-default\" data-id=\"39b23476\" data-element_type=\"section\" data-e-type=\"section\" data-settings=\"{&quot;stretch_section&quot;:&quot;section-stretched&quot;,&quot;background_background&quot;:&quot;classic&quot;}\">\n\t\t\t\t\t\t<div class=\"elementor-container elementor-column-gap-default\">\n\t\t\t\t\t<div class=\"elementor-column elementor-col-50 elementor-top-column elementor-element elementor-element-74401fc5\" data-id=\"74401fc5\" data-element_type=\"column\" data-e-type=\"column\">\n\t\t\t<div class=\"elementor-widget-wrap elementor-element-populated\">\n\t\t\t\t\t\t<div class=\"elementor-element elementor-element-42706447 elementor-widget elementor-widget-pix-sliding-text\" data-id=\"42706447\" data-element_type=\"widget\" data-e-type=\"widget\" data-widget_type=\"pix-sliding-text.default\">\n\t\t\t\t<div class=\"elementor-widget-container\">\n\t\t\t\t\t<div id=\"sliding-text-105873393\" class=\"mb-3 text-left \"><div class=\"d-inline-block\" style=\"max-width:500px;\"><h3 class=\"mb-32 pix-sliding-headline font-weight-bold secondary-font\" data-class=\"secondary-font text-heading-default\" data-style=\"\">Revisa nuestra estructura gremial<\/h3><\/div><\/div>\t\t\t\t<\/div>\n\t\t\t\t<\/div>\n\t\t\t\t<div class=\"elementor-element elementor-element-7b80afbc elementor-invisible elementor-widget elementor-widget-pix-text\" data-id=\"7b80afbc\" data-element_type=\"widget\" data-e-type=\"widget\" data-widget_type=\"pix-text.default\">\n\t\t\t\t<div class=\"elementor-widget-container\">\n\t\t\t\t\t<div class=\"pix-el-text slide-in-container2 w-100 text-left \" ><p class=\"text-18 m-0 text-body-default text-left \" ><span class=\"animate-in d-inline-block\" data-anim-delay=\"600\" data-anim-type=\"fade-in-up\">La asociaci\u00f3n funciona gracias a una directiva, socios y colaboradores<\/span><\/p><\/div>\t\t\t\t<\/div>\n\t\t\t\t<\/div>\n\t\t\t\t<div class=\"elementor-element elementor-element-109591a9 elementor-widget elementor-widget-pix-button\" data-id=\"109591a9\" data-element_type=\"widget\" data-e-type=\"widget\" data-widget_type=\"pix-button.default\">\n\t\t\t\t<div class=\"elementor-widget-container\">\n\t\t\t\t\t<a  href=\"View Case Study\" class=\"btn m-0     btn-underline-gray-7 d-inline-block pix-hover-item  no-padding   secondary-font  animate-in btn-md\"   data-anim-type=\"fade-in-left\" data-anim-delay=\"600\" ><i class=\"font-weight-bold pixicon-arrow-right2  pix-hover-left  mr-1\"><\/i> <span class=\"font-weight-bold \" >Revisa los estatutos del gremio<\/span><\/a>\t\t\t\t<\/div>\n\t\t\t\t<\/div>\n\t\t\t\t\t<\/div>\n\t\t<\/div>\n\t\t\t\t<div class=\"elementor-column elementor-col-50 elementor-top-column elementor-element elementor-element-5c4d6cb4\" data-id=\"5c4d6cb4\" data-element_type=\"column\" data-e-type=\"column\">\n\t\t\t<div class=\"elementor-widget-wrap elementor-element-populated\">\n\t\t\t\t\t\t<div class=\"elementor-element elementor-element-3ce6f5a1 elementor-widget elementor-widget-pix-horizontal-tabs\" data-id=\"3ce6f5a1\" data-element_type=\"widget\" data-e-type=\"widget\" data-widget_type=\"pix-horizontal-tabs.default\">\n\t\t\t\t<div class=\"elementor-widget-container\">\n\t\t\t\t\t<div class=\" \"><div class=\"pix_tabs_container pix-waiting\" data-icons-pos=\"\"><div class=\"nav  nav-pills pix_tabs_btns justify-content-center nav-fill pix-pills-line mb-4 animate-in\" data-anim-type=\"fade-in-up\" role=\"tablist\" data-anim-delay=\"1100\" id=\"v-pills-tab\"  aria-orientation=\"vertical\"><div class=\"nav-item\"><a class=\"nav-link pix-tabs-btn text-24 pix-px-25 py-2 my-2 font-weight-bold  \" data-id=\"5757588\" role=\"tab\" id=\"pix-tab-btn-5757588\" data-toggle=\"pill\" href=\"#pix-tab-5757588\"  aria-controls=\"pix-tab-5757588\"><strong><i class=\"pixicon-star-2 mr-2\"><\/i> Directiva<\/strong><\/a><\/div><div class=\"nav-item\"><a class=\"nav-link pix-tabs-btn text-24 pix-px-25 py-2 my-2 font-weight-bold  \" data-id=\"287320\" role=\"tab\" id=\"pix-tab-btn-287320\" data-toggle=\"pill\" href=\"#pix-tab-287320\"  aria-controls=\"pix-tab-287320\"><strong><i class=\"pixicon-network mr-2\"><\/i> Socios<\/strong><\/a><\/div><div class=\"nav-item\"><a class=\"nav-link pix-tabs-btn text-24 pix-px-25 py-2 my-2 font-weight-bold  \" data-id=\"3034096\" role=\"tab\" id=\"pix-tab-btn-3034096\" data-toggle=\"pill\" href=\"#pix-tab-3034096\"  aria-controls=\"pix-tab-3034096\"><strong><i class=\"pixicon-users-2 mr-2\"><\/i> Colaboradores<\/strong><\/a><\/div><\/div><div class=\"pix_tabs_content animate-in\" data-anim-type=\"fade-in-right\" data-anim-delay=\"1200\"><div class=\"tab-content \"><div class=\"tab-pane fade-up show \" role=\"tabpanel\" data-toggle2=\"tab\" id=\"pix-tab-5757588\" data-bold=\"font-weight-bold\" data-italic=\"\" data-secondary=\"\" data-id=\"5757588\" data-icon=\"pixicon-star-2\" data-title=\"Directiva\" aria-labelledby=\"pix-tab-5757588\"><div class=\"r-1oszu61 r-1xc7w19 r-1phboty r-1yadl64 r-deolkf r-6koalj r-1mlwlqe r-eqz5dr r-1q142lx r-crgep1 r-ifefl9 r-bcqeeo r-t60dpp r-xd6kpl r-tskmnb r-1yzf0co r-bnwqim r-417010\" data-key=\"230cb343795d4028bfbeddc02cc410bf\"><div class=\"r-1oszu61 r-1xc7w19 r-1phboty r-1yadl64 r-deolkf r-6koalj r-1ro0kt6 r-eqz5dr r-16y2uox r-1wbh5a2 r-crgep1 r-ifefl9 r-bcqeeo r-t60dpp r-bnwqim r-417010\" data-block-content=\"230cb343795d4028bfbeddc02cc410bf\"><div class=\"css-901oao r-z9jf92 r-gg6oyi r-ubezar r-16dba41 r-135wba7 r-fdjqy7 r-1xnzce8\" dir=\"auto\"><span data-key=\"141fc6b94cbf4f74a48ac19243d123da\">Es la entidad encargada de la direcci\u00f3n de la asociaci\u00f3n gremial. Esta tiene una duraci\u00f3n de <strong class=\"r-b88u0q\" data-slate-leaf=\"true\" data-offset-key=\"141fc6b94cbf4f74a48ac19243d123da:1\">dos a\u00f1os<\/strong>.<\/span><\/div><div dir=\"auto\">\u00a0<\/div><\/div><\/div><div data-slate-void=\"true\" data-key=\"1fa04277c2c84255b418ab89f9bc17e1\"><div class=\"r-1oszu61 r-1xc7w19 r-1phboty r-1yadl64 r-deolkf r-6koalj r-1mlwlqe r-eqz5dr r-1q142lx r-crgep1 r-ifefl9 r-bcqeeo r-t60dpp r-1l7z4oj r-95jzfe r-1yzf0co r-bnwqim r-417010\" data-key=\"1fa04277c2c84255b418ab89f9bc17e1\"><div class=\"r-1oszu61 r-1xc7w19 r-1phboty r-1yadl64 r-deolkf r-6koalj r-1ro0kt6 r-eqz5dr r-16y2uox r-1wbh5a2 r-crgep1 r-ifefl9 r-bcqeeo r-t60dpp r-bnwqim r-417010\" data-block-content=\"1fa04277c2c84255b418ab89f9bc17e1\"><div class=\"css-1dbjc4n\"><div class=\"css-1dbjc4n r-150rngu r-jqra5g r-z2wwpe r-rs99b7 r-18u37iz r-16y2uox r-1wbh5a2 r-lltvgl r-buy8e9 r-1sncvnh\"><div class=\"css-1dbjc4n r-eqz5dr r-1udh08x r-bnwqim\"><div class=\"css-1dbjc4n r-18u37iz\" data-rnw-int-class=\"table-row____\"><div id=\"animatedComponent\" class=\"css-1dbjc4n r-jqra5g r-b88u0q r-1777fci r-ymttw5 r-5njf8e r-bnwqim\" tabindex=\"0\"><div data-key=\"38480a1d95214ef586adb02c60865b41\" data-fragment=\"true\" data-slate-editor=\"true\"><div class=\"r-1oszu61 r-1xc7w19 r-1phboty r-1yadl64 r-deolkf r-6koalj r-1mlwlqe r-eqz5dr r-1q142lx r-crgep1 r-ifefl9 r-bcqeeo r-t60dpp r-bnwqim r-417010\" data-key=\"12a644ea6e864e1d9888298c6c7085ae\"><div class=\"css-1dbjc4n r-18u37iz\" data-rnw-int-class=\"table-row____\"><div id=\"animatedComponent\" class=\"css-1dbjc4n r-jqra5g r-5kkj8d r-1777fci r-ymttw5 r-5njf8e r-bnwqim\" tabindex=\"0\"><div data-key=\"4490ae3ce8a747deb272ccbecd9f9ecf\" data-fragment=\"true\" data-slate-editor=\"true\"><div class=\"r-1oszu61 r-1xc7w19 r-1phboty r-1yadl64 r-deolkf r-6koalj r-1mlwlqe r-eqz5dr r-1q142lx r-crgep1 r-ifefl9 r-bcqeeo r-t60dpp r-bnwqim r-417010\" data-key=\"d0e4dd8b76404e3fb87ab897f7193d8a\"><ul><li class=\"css-901oao r-z9jf92 r-gg6oyi r-ubezar r-16dba41 r-135wba7 r-fdjqy7 r-1xnzce8\" dir=\"auto\"><span data-key=\"c8025d8483c94300b43577bbbcf65142\">Presidente: <\/span>Encargado de la direcci\u00f3n general del gremio<\/li><\/ul><\/div><\/div><\/div><\/div><div class=\"css-1dbjc4n r-18u37iz\" data-rnw-int-class=\"table-row____\"><div id=\"animatedComponent\" class=\"css-1dbjc4n r-jqra5g r-5kkj8d r-1777fci r-ymttw5 r-5njf8e r-bnwqim\" tabindex=\"0\"><div data-key=\"ec87034ac3404b67964a81ce9ebfe071\" data-fragment=\"true\" data-slate-editor=\"true\"><div class=\"r-1oszu61 r-1xc7w19 r-1phboty r-1yadl64 r-deolkf r-6koalj r-1mlwlqe r-eqz5dr r-1q142lx r-crgep1 r-ifefl9 r-bcqeeo r-t60dpp r-bnwqim r-417010\" data-key=\"358f97d781ac4989a74c017911113f1c\"><ul><li class=\"css-901oao r-z9jf92 r-gg6oyi r-ubezar r-16dba41 r-135wba7 r-fdjqy7 r-1xnzce8\" dir=\"auto\"><span data-key=\"1a11803f989241ba8d0f0817b08fea28\">VicePresidente: <\/span>Representaci\u00f3n y apoyo al presidente<\/li><\/ul><\/div><\/div><\/div><\/div><div class=\"css-1dbjc4n r-18u37iz\" data-rnw-int-class=\"table-row____\"><div id=\"animatedComponent\" class=\"css-1dbjc4n r-jqra5g r-5kkj8d r-1777fci r-ymttw5 r-5njf8e r-bnwqim\" tabindex=\"0\"><div data-key=\"eb89d1d6aee2475a806ba34ffabb62fe\" data-fragment=\"true\" data-slate-editor=\"true\"><div class=\"r-1oszu61 r-1xc7w19 r-1phboty r-1yadl64 r-deolkf r-6koalj r-1mlwlqe r-eqz5dr r-1q142lx r-crgep1 r-ifefl9 r-bcqeeo r-t60dpp r-bnwqim r-417010\" data-key=\"1aca610ade9e40a8802af923d58da873\"><ul><li class=\"css-901oao r-z9jf92 r-gg6oyi r-ubezar r-16dba41 r-135wba7 r-fdjqy7 r-1xnzce8\" dir=\"auto\"><span data-key=\"52947d6aac3b455e9b0980da1962ccc6\">Secretario: <\/span>Encargado de la recolecci\u00f3n y elaboraci\u00f3n de informaci\u00f3n legal.<\/li><\/ul><\/div><\/div><\/div><\/div><div class=\"css-1dbjc4n r-18u37iz\" data-rnw-int-class=\"table-row____\"><div id=\"animatedComponent\" class=\"css-1dbjc4n r-jqra5g r-5kkj8d r-1777fci r-ymttw5 r-5njf8e r-bnwqim\" tabindex=\"0\"><div data-key=\"c53a7e7bf7ce49d4aeba82788912bcd1\" data-fragment=\"true\" data-slate-editor=\"true\"><div class=\"r-1oszu61 r-1xc7w19 r-1phboty r-1yadl64 r-deolkf r-6koalj r-1mlwlqe r-eqz5dr r-1q142lx r-crgep1 r-ifefl9 r-bcqeeo r-t60dpp r-bnwqim r-417010\" data-key=\"7f771934efda4d38a80286326c25fbb7\"><ul><li class=\"css-901oao r-z9jf92 r-gg6oyi r-ubezar r-16dba41 r-135wba7 r-fdjqy7 r-1xnzce8\" dir=\"auto\"><span data-key=\"461f75dfd22045819163d234bcbb9337\">Tesorero: <\/span>Encargado del orden de los recursos econ\u00f3micos del gremio<\/li><\/ul><\/div><\/div><\/div><\/div><\/div><\/div><\/div><\/div><\/div><\/div><\/div><\/div><\/div><\/div><\/div><div class=\"tab-pane fade-up show \" role=\"tabpanel\" data-toggle2=\"tab\" id=\"pix-tab-287320\" data-bold=\"font-weight-bold\" data-italic=\"\" data-secondary=\"\" data-id=\"287320\" data-icon=\"pixicon-network\" data-title=\"Socios\" aria-labelledby=\"pix-tab-287320\"><p>La asociaci\u00f3n funciona con 4 tipos de socios:<\/p><ul><li>Socios Activos<\/li><li>Socios Adherentes<\/li><li>Socios Educativos<\/li><li>Aliados estr\u00e1tegicos<\/li><\/ul><\/div><div class=\"tab-pane fade-up show \" role=\"tabpanel\" data-toggle2=\"tab\" id=\"pix-tab-3034096\" data-bold=\"font-weight-bold\" data-italic=\"\" data-secondary=\"\" data-id=\"3034096\" data-icon=\"pixicon-users-2\" data-title=\"Colaboradores\" aria-labelledby=\"pix-tab-3034096\"><p>Cualquier individuo\/a que pueda aportar y apoyar a la asociaci\u00f3n en instancias especificas.\u00a0<\/p><\/div><\/div><\/div><\/div><\/div>\t\t\t\t<\/div>\n\t\t\t\t<\/div>\n\t\t\t\t\t<\/div>\n\t\t<\/div>\n\t\t\t\t\t<\/div>\n\t\t<\/section>\n\t\t\t\t<section class=\"elementor-section elementor-top-section elementor-element elementor-element-efc13d9 elementor-section-boxed elementor-section-height-default elementor-section-height-default\" data-id=\"efc13d9\" data-element_type=\"section\" data-e-type=\"section\">\n\t\t\t\t\t\t<div class=\"elementor-container elementor-column-gap-default\">\n\t\t\t\t\t<div class=\"elementor-column elementor-col-100 elementor-top-column elementor-element elementor-element-c5b3e19\" data-id=\"c5b3e19\" data-element_type=\"column\" data-e-type=\"column\">\n\t\t\t<div class=\"elementor-widget-wrap elementor-element-populated\">\n\t\t\t\t\t\t<div class=\"elementor-element elementor-element-6234fa9 elementor-widget elementor-widget-spacer\" data-id=\"6234fa9\" data-element_type=\"widget\" data-e-type=\"widget\" data-widget_type=\"spacer.default\">\n\t\t\t\t<div class=\"elementor-widget-container\">\n\t\t\t\t\t\t\t<div class=\"elementor-spacer\">\n\t\t\t<div class=\"elementor-spacer-inner\"><\/div>\n\t\t<\/div>\n\t\t\t\t\t\t<\/div>\n\t\t\t\t<\/div>\n\t\t\t\t\t<\/div>\n\t\t<\/div>\n\t\t\t\t\t<\/div>\n\t\t<\/section>\n\t\t\t\t<\/div>\n\t\t","protected":false},"excerpt":{"rendered":"Revisa nuestra estructura gremial La asociaci\u00f3n funciona gracias a una directiva, socios y colaboradores Revisa los estatutos del gremio Directiva Socios ColaboradoresEs la entidad encargada de la direcci\u00f3n de la asociaci\u00f3n gremial. Esta tiene una duraci\u00f3n de dos a\u00f1os.\u00a0Presidente: Encargado&#8230;","protected":false},"author":2,"featured_media":0,"parent":0,"menu_order":0,"comment_status":"closed","ping_status":"closed","template":"templates\/template-full-width.php","meta":{"footnotes":""},"class_list":["post-13439","page","type-page","status-publish","hentry"],"_links":{"self":[{"href":"https:\/\/videogameschile.com\/home\/wp-json\/wp\/v2\/pages\/13439","targetHints":{"allow":["GET"]}}],"collection":[{"href":"https:\/\/videogameschile.com\/home\/wp-json\/wp\/v2\/pages"}],"about":[{"href":"https:\/\/videogameschile.com\/home\/wp-json\/wp\/v2\/types\/page"}],"author":[{"embeddable":true,"href":"https:\/\/videogameschile.com\/home\/wp-json\/wp\/v2\/users\/2"}],"replies":[{"embeddable":true,"href":"https:\/\/videogameschile.com\/home\/wp-json\/wp\/v2\/comments?post=13439"}],"version-history":[{"count":6,"href":"https:\/\/videogameschile.com\/home\/wp-json\/wp\/v2\/pages\/13439\/revisions"}],"predecessor-version":[{"id":13476,"href":"https:\/\/videogameschile.com\/home\/wp-json\/wp\/v2\/pages\/13439\/revisions\/13476"}],"wp:attachment":[{"href":"https:\/\/videogameschile.com\/home\/wp-json\/wp\/v2\/media?parent=13439"}],"curies":[{"name":"wp","href":"https:\/\/api.w.org\/{rel}","templated":true}]}}