{"id":3483,"date":"2020-06-12T05:16:18","date_gmt":"2020-06-12T05:16:18","guid":{"rendered":"https:\/\/essentials.pixfort.com\/agency\/?page_id=3483"},"modified":"2022-05-29T20:58:57","modified_gmt":"2022-05-29T20:58:57","slug":"homepage","status":"publish","type":"page","link":"https:\/\/videogameschile.com\/home\/","title":{"rendered":"Homepage"},"content":{"rendered":"\t\t<div data-elementor-type=\"wp-page\" data-elementor-id=\"3483\" class=\"elementor elementor-3483\" data-elementor-post-type=\"page\">\n\t\t\t\t\t\t<section class=\"elementor-section elementor-top-section elementor-element elementor-element-b79b2c1 elementor-section-stretched elementor-section-height-full elementor-section-boxed elementor-section-height-default elementor-section-items-middle\" data-id=\"b79b2c1\" data-element_type=\"section\" data-e-type=\"section\" data-settings=\"{&quot;stretch_section&quot;:&quot;section-stretched&quot;,&quot;background_background&quot;:&quot;slideshow&quot;,&quot;background_slideshow_gallery&quot;:[{&quot;id&quot;:13370,&quot;url&quot;:&quot;http:\\\/\\\/videogameschile.com\\\/home\\\/wp-content\\\/uploads\\\/2021\\\/11\\\/02_ACE_ETERNAL_03-scaled.jpg&quot;},{&quot;id&quot;:13371,&quot;url&quot;:&quot;http:\\\/\\\/videogameschile.com\\\/home\\\/wp-content\\\/uploads\\\/2021\\\/11\\\/06_PQube_Abstact.jpg&quot;},{&quot;id&quot;:13372,&quot;url&quot;:&quot;http:\\\/\\\/videogameschile.com\\\/home\\\/wp-content\\\/uploads\\\/2021\\\/11\\\/04_iguanna_gijoe_01.jpg&quot;},{&quot;id&quot;:13373,&quot;url&quot;:&quot;http:\\\/\\\/videogameschile.com\\\/home\\\/wp-content\\\/uploads\\\/2021\\\/11\\\/EzLfTs6VcAonEUi.jpg&quot;},{&quot;id&quot;:13374,&quot;url&quot;:&quot;http:\\\/\\\/videogameschile.com\\\/home\\\/wp-content\\\/uploads\\\/2021\\\/11\\\/slide_1-scaled.jpg&quot;}],&quot;background_slideshow_loop&quot;:&quot;yes&quot;,&quot;background_slideshow_slide_duration&quot;:5000,&quot;background_slideshow_slide_transition&quot;:&quot;fade&quot;,&quot;background_slideshow_transition_duration&quot;:500}\">\n\t\t\t\t\t\t\t<div class=\"elementor-background-overlay\"><\/div>\n\t\t\t\t\t\t\t<div class=\"elementor-container elementor-column-gap-default\">\n\t\t\t\t\t<div class=\"elementor-column elementor-col-100 elementor-top-column elementor-element elementor-element-e00b997\" data-id=\"e00b997\" data-element_type=\"column\" data-e-type=\"column\">\n\t\t\t<div class=\"elementor-widget-wrap elementor-element-populated\">\n\t\t\t\t\t\t<div class=\"elementor-element elementor-element-07316ba elementor-widget elementor-widget-spacer\" data-id=\"07316ba\" data-element_type=\"widget\" data-e-type=\"widget\" data-widget_type=\"spacer.default\">\n\t\t\t\t<div class=\"elementor-widget-container\">\n\t\t\t\t\t\t\t<div class=\"elementor-spacer\">\n\t\t\t<div class=\"elementor-spacer-inner\"><\/div>\n\t\t<\/div>\n\t\t\t\t\t\t<\/div>\n\t\t\t\t<\/div>\n\t\t\t\t<section class=\"elementor-section elementor-inner-section elementor-element elementor-element-2860654 elementor-section-boxed elementor-section-height-default elementor-section-height-default\" data-id=\"2860654\" data-element_type=\"section\" data-e-type=\"section\">\n\t\t\t\t\t\t<div class=\"elementor-container elementor-column-gap-default\">\n\t\t\t\t\t<div class=\"elementor-column elementor-col-50 elementor-inner-column elementor-element elementor-element-01e913f\" data-id=\"01e913f\" data-element_type=\"column\" data-e-type=\"column\">\n\t\t\t<div class=\"elementor-widget-wrap elementor-element-populated\">\n\t\t\t\t\t\t<div class=\"elementor-element elementor-element-24c7511 elementor-invisible elementor-widget elementor-widget-pix-animated-heading\" data-id=\"24c7511\" data-element_type=\"widget\" data-e-type=\"widget\" data-widget_type=\"pix-animated-heading.default\">\n\t\t\t\t<div class=\"elementor-widget-container\">\n\t\t\t\t\t<div class=\"text-left \"><div class=\"slide-in-container w-100 pix-slogan-text\"><h6 data-anim-type=\"slide-in-up\" class=\" font-weight-bold text-primary animate-in\" >VIDEO GAMES CHILE<\/h6><\/div><div><h1 class=\"pix-headline my-3  pixfade text-white font-weight-bold   animate-in\" style=\"\" data-anim-type=\"fade-in-up\" data-anim-delay=\"100\" ><span>Apoyando a los <\/span><span class=\"pix-words-wrapper\"><span class=\"is-visible text-secondary\" >desarrolladores chilenos<\/span> <span class=\"text-secondary\" >videojuegos chilenos<\/span> <\/span><span><\/span><\/h1><\/div><\/div>\t\t\t\t<\/div>\n\t\t\t\t<\/div>\n\t\t\t\t<div class=\"elementor-element elementor-element-4f6bcb1 elementor-invisible elementor-widget elementor-widget-pix-text\" data-id=\"4f6bcb1\" data-element_type=\"widget\" data-e-type=\"widget\" data-widget_type=\"pix-text.default\">\n\t\t\t\t<div class=\"elementor-widget-container\">\n\t\t\t\t\t<div class=\"pix-el-text slide-in-container2 w-100 text-left \" ><div class=\"d-inline-block\" style=\"max-width:700px;\"><p class=\"text-20 m-0 text-light-opacity-5 text-left \" ><span class=\"animate-in d-inline-block\" data-anim-delay=\"1400\" data-anim-type=\"fade-in-up\">M\u00e1s de 10 a\u00f1os otorgando ayuda a la industria<\/span><\/p><\/div><\/div>\t\t\t\t<\/div>\n\t\t\t\t<\/div>\n\t\t\t\t<div class=\"elementor-element elementor-element-48e4fc4 elementor-widget elementor-widget-pix-button\" data-id=\"48e4fc4\" data-element_type=\"widget\" data-e-type=\"widget\" data-widget_type=\"pix-button.default\">\n\t\t\t\t<div class=\"elementor-widget-container\">\n\t\t\t\t\t<a  href=\"https:\/\/videogameschile.com\/home\/quienes-somos\/\" class=\"btn m-0     shadow-lg shadow-hover-lg btn-primary d-inline-block pix-hover-item       animate-in btn-lg\"   data-anim-type=\"fade-in-left\" data-anim-delay=\"1800\" ><i class=\"font-weight-bold pixicon-users-2  pix-hover-left  mr-1\"><\/i> <span class=\"font-weight-bold \" >Conoce m\u00e1s<\/span><\/a>\t\t\t\t<\/div>\n\t\t\t\t<\/div>\n\t\t\t\t\t<\/div>\n\t\t<\/div>\n\t\t\t\t<div class=\"elementor-column elementor-col-50 elementor-inner-column elementor-element elementor-element-d2d2a98\" data-id=\"d2d2a98\" data-element_type=\"column\" data-e-type=\"column\">\n\t\t\t<div class=\"elementor-widget-wrap\">\n\t\t\t\t\t\t\t<\/div>\n\t\t<\/div>\n\t\t\t\t\t<\/div>\n\t\t<\/section>\n\t\t\t\t<section class=\"elementor-section elementor-inner-section elementor-element elementor-element-bd203d3 elementor-section-boxed elementor-section-height-default elementor-section-height-default\" data-id=\"bd203d3\" data-element_type=\"section\" data-e-type=\"section\">\n\t\t\t\t\t\t<div class=\"elementor-container elementor-column-gap-default\">\n\t\t\t\t\t<div class=\"elementor-column elementor-col-33 elementor-inner-column elementor-element elementor-element-7306914\" data-id=\"7306914\" data-element_type=\"column\" data-e-type=\"column\">\n\t\t\t<div class=\"elementor-widget-wrap elementor-element-populated\">\n\t\t\t\t\t\t<div class=\"elementor-element elementor-element-114095c elementor-invisible elementor-widget elementor-widget-pix-feature\" data-id=\"114095c\" data-element_type=\"widget\" data-e-type=\"widget\" data-widget_type=\"pix-feature.default\">\n\t\t\t\t<div class=\"elementor-widget-container\">\n\t\t\t\t\t<div id=\"duo-icon-10235994\" class=\"media \"><div class=\"rounded-circle d-inline-block mr-3 feature_img bg-white animate-in\" data-anim-type=\"fade-in-up\" data-anim-delay=\"200\" style=\" width:64.8px;height:64.8px;position:relative;line-height:64.8px;text-align:center;\"><i style=\"display:inline-block;font-size:36px;line-height:36px;\" class=\"text-gradient-primary align-middle pixicon-gameboy\"><\/i><\/div><div class=\"media-body\"><h5 class=\"font-weight-bold   text-white animate-in \" style=\"padding-top:0px;\" data-anim-type=\"fade-in-up\" data-anim-delay=\"300\">Promover<\/h5><div class=\"text-light-opacity-5 text-18     animate-in\" style=\"padding-top:10px;\" data-anim-type=\"fade-in-up\" data-anim-delay=\"400\">A la industria del desarrollo de videojuegos en este pa\u00eds.<\/div><\/div><\/div>\t\t\t\t<\/div>\n\t\t\t\t<\/div>\n\t\t\t\t\t<\/div>\n\t\t<\/div>\n\t\t\t\t<div class=\"elementor-column elementor-col-33 elementor-inner-column elementor-element elementor-element-c213b65\" data-id=\"c213b65\" data-element_type=\"column\" data-e-type=\"column\">\n\t\t\t<div class=\"elementor-widget-wrap elementor-element-populated\">\n\t\t\t\t\t\t<div class=\"elementor-element elementor-element-75d0509 elementor-invisible elementor-widget elementor-widget-pix-feature\" data-id=\"75d0509\" data-element_type=\"widget\" data-e-type=\"widget\" data-widget_type=\"pix-feature.default\">\n\t\t\t\t<div class=\"elementor-widget-container\">\n\t\t\t\t\t<div id=\"duo-icon-21113408\" class=\"media \"><div class=\"rounded-circle d-inline-block mr-3 feature_img bg-white animate-in\" data-anim-type=\"fade-in-up\" data-anim-delay=\"400\" style=\" width:64.8px;height:64.8px;position:relative;line-height:64.8px;text-align:center;\"><i style=\"display:inline-block;font-size:36px;line-height:36px;\" class=\"text-gradient-primary align-middle pixicon-network\"><\/i><\/div><div class=\"media-body\"><h5 class=\"font-weight-bold   text-white animate-in \" style=\"padding-top:0px;\" data-anim-type=\"fade-in-up\" data-anim-delay=\"500\">Conectar<\/h5><div class=\"text-light-opacity-5 text-18     animate-in\" style=\"padding-top:10px;\" data-anim-type=\"fade-in-up\" data-anim-delay=\"600\">A las compa\u00f1\u00edas de desarrollo local con el mercado global<\/div><\/div><\/div>\t\t\t\t<\/div>\n\t\t\t\t<\/div>\n\t\t\t\t\t<\/div>\n\t\t<\/div>\n\t\t\t\t<div class=\"elementor-column elementor-col-33 elementor-inner-column elementor-element elementor-element-fbd99ac\" data-id=\"fbd99ac\" data-element_type=\"column\" data-e-type=\"column\">\n\t\t\t<div class=\"elementor-widget-wrap elementor-element-populated\">\n\t\t\t\t\t\t<div class=\"elementor-element elementor-element-c5787ba elementor-invisible elementor-widget elementor-widget-pix-feature\" data-id=\"c5787ba\" data-element_type=\"widget\" data-e-type=\"widget\" data-widget_type=\"pix-feature.default\">\n\t\t\t\t<div class=\"elementor-widget-container\">\n\t\t\t\t\t<div id=\"duo-icon-41392321\" class=\"media \"><div class=\"rounded-circle d-inline-block mr-3 feature_img bg-white animate-in\" data-anim-type=\"fade-in-up\" data-anim-delay=\"600\" style=\" width:64.8px;height:64.8px;position:relative;line-height:64.8px;text-align:center;\"><i style=\"display:inline-block;font-size:36px;line-height:36px;\" class=\"text-gradient-primary align-middle pixicon-flag-6\"><\/i><\/div><div class=\"media-body\"><h5 class=\"font-weight-bold   text-white animate-in \" style=\"padding-top:0px;\" data-anim-type=\"fade-in-up\" data-anim-delay=\"700\">Colaborar<\/h5><div class=\"text-light-opacity-5 text-18     animate-in\" style=\"padding-top:10px;\" data-anim-type=\"fade-in-up\" data-anim-delay=\"800\">A los actores p\u00fablicos y privados relevantes  con la industria.<\/div><\/div><\/div>\t\t\t\t<\/div>\n\t\t\t\t<\/div>\n\t\t\t\t\t<\/div>\n\t\t<\/div>\n\t\t\t\t\t<\/div>\n\t\t<\/section>\n\t\t\t\t\t<\/div>\n\t\t<\/div>\n\t\t\t\t\t<\/div>\n\t\t<\/section>\n\t\t\t\t<section class=\"elementor-section elementor-top-section elementor-element elementor-element-cbeec25 elementor-section-boxed elementor-section-height-default elementor-section-height-default\" data-id=\"cbeec25\" data-element_type=\"section\" data-e-type=\"section\">\n\t\t\t\t\t\t<div class=\"elementor-container elementor-column-gap-default\">\n\t\t\t\t\t<div class=\"elementor-column elementor-col-100 elementor-top-column elementor-element elementor-element-46462c3\" data-id=\"46462c3\" data-element_type=\"column\" data-e-type=\"column\">\n\t\t\t<div class=\"elementor-widget-wrap elementor-element-populated\">\n\t\t\t\t\t\t<div class=\"elementor-element elementor-element-079f051 elementor-invisible elementor-widget elementor-widget-pix-heading\" data-id=\"079f051\" data-element_type=\"widget\" data-e-type=\"widget\" data-widget_type=\"pix-heading.default\">\n\t\t\t\t<div class=\"elementor-widget-container\">\n\t\t\t\t\t<div  class=\"pix-heading-el text-center \"><div><div class=\"slide-in-container\"><h3 class=\"text-body-default animate-in heading-text el-title_custom_color mb-12\" style=\"\" data-anim-type=\"fade-in-up\" data-anim-delay=\"400\">Colaborando con la Industria de videojuegos en Chile<\/h3><\/div><\/div><\/div>\t\t\t\t<\/div>\n\t\t\t\t<\/div>\n\t\t\t\t<div class=\"elementor-element elementor-element-7df3ac7 shadow-lg shadow-hover-lg rounded-10 pix-scale-in-sm elementor-invisible elementor-widget elementor-widget-pix-clients\" data-id=\"7df3ac7\" data-element_type=\"widget\" data-e-type=\"widget\" data-widget_type=\"pix-clients.default\">\n\t\t\t\t<div class=\"elementor-widget-container\">\n\t\t\t\t\t<div class=\"clients row  \"><div class=\"clearfix w-100 col-12\"><\/div><div class=\"col-md col-12 -4 fly text-center client2 d-inline-block2 d-inline-flex client\"><a target=\"_blank\" href=\"https:\/\/www.prochile.gob.cl\/\" class=\"client2 align-self-center py-3 d-inline-block w-100\" title=\"\"><img decoding=\"async\" src=\"https:\/\/videogameschile.com\/home\/wp-content\/uploads\/2021\/11\/Layer-1.png\" width=\"234\" height=\"111\" class=\"animate-in\" alt=\"\" data-anim-type=\"fade-in\" data-anim-delay=\"0\"><\/a><\/div><div class=\"col-md col-12 -4 fly text-center client2 d-inline-block2 d-inline-flex client\"><a target=\"_blank\" href=\"https:\/\/chilecreativo.cl\/\" class=\"client2 align-self-center py-3 d-inline-block w-100\" title=\"\"><img decoding=\"async\" src=\"https:\/\/videogameschile.com\/home\/wp-content\/uploads\/2021\/11\/vgchile-website_allies_chile-creativo.png\" width=\"234\" height=\"179\" class=\"animate-in\" alt=\"\" data-anim-type=\"fade-in\" data-anim-delay=\"0\"><\/a><\/div><div class=\"col-md col-12 -4 fly text-center client2 d-inline-block2 d-inline-flex client\"><a target=\"_blank\" href=\"https:\/\/igda.org\/\" class=\"client2 align-self-center py-3 d-inline-block w-100\" title=\"\"><img decoding=\"async\" src=\"https:\/\/videogameschile.com\/home\/wp-content\/uploads\/2021\/11\/vgchile-website_allies_igda.png\" width=\"224\" height=\"99\" class=\"animate-in\" alt=\"\" data-anim-type=\"fade-in\" data-anim-delay=\"0\"><\/a><\/div><div class=\"col-md col-12 -4 fly text-center client2 d-inline-block2 d-inline-flex client\"><a target=\"_blank\" href=\"http:\/\/www.latamvgfederation.org\/\" class=\"client2 align-self-center py-3 d-inline-block w-100\" title=\"\"><img loading=\"lazy\" decoding=\"async\" src=\"https:\/\/videogameschile.com\/home\/wp-content\/uploads\/2021\/11\/vgchile-website_allies_latam-vg-fed.png\" width=\"225\" height=\"69\" class=\"animate-in\" alt=\"\" data-anim-type=\"fade-in\" data-anim-delay=\"0\"><\/a><\/div><div class=\"clearfix w-100 col-12\"><\/div><div class=\"col-md col-12 -4 fly text-center client2 d-inline-block2 d-inline-flex client\"><a target=\"_blank\" href=\"https:\/\/www.subrei.gob.cl\/\" class=\"client2 align-self-center py-3 d-inline-block w-100\" title=\"\"><img loading=\"lazy\" decoding=\"async\" src=\"https:\/\/videogameschile.com\/home\/wp-content\/uploads\/2021\/11\/logo-header-v2.png\" width=\"263\" height=\"97\" class=\"animate-in\" alt=\"\" data-anim-type=\"fade-in\" data-anim-delay=\"0\"><\/a><\/div><div class=\"col-md col-12 -4 fly text-center client2 d-inline-block2 d-inline-flex client\"><a target=\"_self\" href=\"https:\/\/www.crtic.cl\/\" class=\"client2 align-self-center py-3 d-inline-block w-100\" title=\"\"><img loading=\"lazy\" decoding=\"async\" src=\"https:\/\/videogameschile.com\/home\/wp-content\/uploads\/2021\/11\/CTRIC_blk.png\" srcset=\"https:\/\/videogameschile.com\/home\/wp-content\/uploads\/2021\/11\/CTRIC_blk-300x116.png 300w, https:\/\/videogameschile.com\/home\/wp-content\/uploads\/2021\/11\/CTRIC_blk-1024x394.png 1024w, https:\/\/videogameschile.com\/home\/wp-content\/uploads\/2021\/11\/CTRIC_blk-768x296.png 768w, https:\/\/videogameschile.com\/home\/wp-content\/uploads\/2021\/11\/CTRIC_blk-1536x591.png 1536w, https:\/\/videogameschile.com\/home\/wp-content\/uploads\/2021\/11\/CTRIC_blk-2048x789.png 2048w\" sizes=\"(max-width: 6449px) 100vw, 6449px\" width=\"6449\" height=\"2483\" class=\"animate-in\" alt=\"\" data-anim-type=\"fade-in\" data-anim-delay=\"0\"><\/a><\/div><div class=\"col-md col-12 -4 fly text-center client2 d-inline-block2 d-inline-flex client\"><a target=\"_self\" href=\"https:\/\/www.expoacte.cl\/en\/\" class=\"client2 align-self-center py-3 d-inline-block w-100\" title=\"\"><img loading=\"lazy\" decoding=\"async\" src=\"https:\/\/videogameschile.com\/home\/wp-content\/uploads\/2022\/03\/Logo-Acte.png\" srcset=\"https:\/\/videogameschile.com\/home\/wp-content\/uploads\/2022\/03\/Logo-Acte-300x79.png 300w, https:\/\/videogameschile.com\/home\/wp-content\/uploads\/2022\/03\/Logo-Acte-768x201.png 768w, https:\/\/videogameschile.com\/home\/wp-content\/uploads\/2022\/03\/Logo-Acte.png 1000w\" sizes=\"(max-width: 1000px) 100vw, 1000px\" width=\"1000\" height=\"262\" class=\"animate-in\" alt=\"\" data-anim-type=\"fade-in\" data-anim-delay=\"0\"><\/a><\/div><div class=\"col-md\"><\/div><\/div>\n\t\t\t\t<\/div>\n\t\t\t\t<\/div>\n\t\t\t\t\t<\/div>\n\t\t<\/div>\n\t\t\t\t\t<\/div>\n\t\t<\/section>\n\t\t\t\t<section class=\"elementor-section elementor-top-section elementor-element elementor-element-b1b798e elementor-section-stretched elementor-section-boxed elementor-section-height-default elementor-section-height-default\" data-id=\"b1b798e\" data-element_type=\"section\" data-e-type=\"section\" data-settings=\"{&quot;stretch_section&quot;:&quot;section-stretched&quot;,&quot;background_background&quot;:&quot;video&quot;,&quot;background_video_link&quot;:&quot;https:\\\/\\\/www.youtube.com\\\/watch?v=rXXSoMphtBk&amp;feature=youtu.be&quot;}\">\n\t\t\t\t\t\t\t\t<div class=\"elementor-background-video-container elementor-hidden-mobile\">\n\t\t\t\t\t\t\t\t\t\t\t\t\t<div class=\"elementor-background-video-embed\" role=\"presentation\"><\/div>\n\t\t\t\t\t\t\t\t\t\t\t\t<\/div>\n\t\t\t\t\t\t\t\t\t<div class=\"elementor-background-overlay\"><\/div>\n\t\t\t\t\t\t\t<div class=\"elementor-container elementor-column-gap-default\">\n\t\t\t\t\t<div class=\"elementor-column elementor-col-33 elementor-top-column elementor-element elementor-element-5531e0b\" data-id=\"5531e0b\" data-element_type=\"column\" data-e-type=\"column\">\n\t\t\t<div class=\"elementor-widget-wrap elementor-element-populated\">\n\t\t\t\t\t\t<div class=\"elementor-element elementor-element-1e1a8e1 elementor-widget elementor-widget-pix-sliding-text\" data-id=\"1e1a8e1\" data-element_type=\"widget\" data-e-type=\"widget\" data-widget_type=\"pix-sliding-text.default\">\n\t\t\t\t<div class=\"elementor-widget-container\">\n\t\t\t\t\t<div id=\"sliding-text-46867256\" class=\"mb-3 text-left \"><h2 class=\"mb-32 pix-sliding-headline font-weight-bold secondary-font\" data-class=\"secondary-font text-white\" data-style=\"\">Contacta con nosotros<\/h2><\/div>\t\t\t\t<\/div>\n\t\t\t\t<\/div>\n\t\t\t\t<div class=\"elementor-element elementor-element-f2ba553 elementor-invisible elementor-widget elementor-widget-pix-text\" data-id=\"f2ba553\" data-element_type=\"widget\" data-e-type=\"widget\" data-widget_type=\"pix-text.default\">\n\t\t\t\t<div class=\"elementor-widget-container\">\n\t\t\t\t\t<div class=\"pix-el-text slide-in-container2 w-100 text-left \" ><div class=\"d-inline-block\" style=\"max-width:500px;\"><p class=\"text-18  text-light-opacity-7 text-left \" ><span class=\"animate-in d-inline-block\" data-anim-delay=\"900\" data-anim-type=\"fade-in-up\">\u00bfRequieres alguna informaci\u00f3n de la asociaci\u00f3n? <\/span><\/p><\/div><\/div>\t\t\t\t<\/div>\n\t\t\t\t<\/div>\n\t\t\t\t\t<\/div>\n\t\t<\/div>\n\t\t\t\t<div class=\"elementor-column elementor-col-66 elementor-top-column elementor-element elementor-element-f2da802\" data-id=\"f2da802\" data-element_type=\"column\" data-e-type=\"column\">\n\t\t\t<div class=\"elementor-widget-wrap elementor-element-populated\">\n\t\t\t\t\t\t<div class=\"elementor-element elementor-element-04265eb elementor-invisible elementor-widget elementor-widget-pix-feature\" data-id=\"04265eb\" data-element_type=\"widget\" data-e-type=\"widget\" data-widget_type=\"pix-feature.default\">\n\t\t\t\t<div class=\"elementor-widget-container\">\n\t\t\t\t\t<a href=\"https:\/\/forms.gle\/VyMLjCGpEgZHa5Dc8\" target=\"_blank\"><div id=\"duo-icon-108071090\" class=\"media \"><div class=\"rounded-circle d-inline-block mr-3 feature_img bg-white animate-in\" data-anim-type=\"fade-in-up\" data-anim-delay=\"200\" style=\" width:64.8px;height:64.8px;position:relative;line-height:64.8px;text-align:center;\"><i style=\"display:inline-block;font-size:36px;line-height:36px;\" class=\"text-primary align-middle pixicon-rocket-2\"><\/i><\/div><div class=\"media-body\"><h5 class=\"font-weight-bold   text-white animate-in \" style=\"padding-top:0px;\" data-anim-type=\"fade-in-up\" data-anim-delay=\"300\">Preguntas de la prensa<\/h5><div class=\"text-light-opacity-5 text-18     animate-in\" style=\"padding-top:10px;\" data-anim-type=\"fade-in-up\" data-anim-delay=\"400\">Para enviar informaci\u00f3n relacionada a prensa a nuestras redes sociales.<\/div><\/div><\/div><\/a>\t\t\t\t<\/div>\n\t\t\t\t<\/div>\n\t\t\t\t<div class=\"elementor-element elementor-element-47bbb4b elementor-invisible elementor-widget elementor-widget-pix-feature\" data-id=\"47bbb4b\" data-element_type=\"widget\" data-e-type=\"widget\" data-widget_type=\"pix-feature.default\">\n\t\t\t\t<div class=\"elementor-widget-container\">\n\t\t\t\t\t<a href=\"https:\/\/forms.gle\/T8oV2e4W3CZLRrBF7\" target=\"_blank\"><div id=\"duo-icon-162683654\" class=\"media \"><div class=\"rounded-circle d-inline-block mr-3 feature_img bg-white animate-in\" data-anim-type=\"fade-in-up\" data-anim-delay=\"200\" style=\" width:64.8px;height:64.8px;position:relative;line-height:64.8px;text-align:center;\"><i style=\"display:inline-block;font-size:36px;line-height:36px;\" class=\"text-primary align-middle pixicon-coins-3\"><\/i><\/div><div class=\"media-body\"><h5 class=\"font-weight-bold   text-white animate-in \" style=\"padding-top:0px;\" data-anim-type=\"fade-in-up\" data-anim-delay=\"300\">Solicitud de Cotizaci\u00f3n<\/h5><div class=\"text-light-opacity-5 text-18     animate-in\" style=\"padding-top:10px;\" data-anim-type=\"fade-in-up\" data-anim-delay=\"400\">Para enviar cotizaciones de proyectos.<\/div><\/div><\/div><\/a>\t\t\t\t<\/div>\n\t\t\t\t<\/div>\n\t\t\t\t<div class=\"elementor-element elementor-element-e17f960 elementor-invisible elementor-widget elementor-widget-pix-feature\" data-id=\"e17f960\" data-element_type=\"widget\" data-e-type=\"widget\" data-widget_type=\"pix-feature.default\">\n\t\t\t\t<div class=\"elementor-widget-container\">\n\t\t\t\t\t<a href=\"https:\/\/forms.gle\/9BG1GwJ4sLkDnuWE9\" ><div id=\"duo-icon-140115496\" class=\"media \"><div class=\"rounded-circle d-inline-block mr-3 feature_img bg-white animate-in\" data-anim-type=\"fade-in-up\" data-anim-delay=\"200\" style=\" width:64.8px;height:64.8px;position:relative;line-height:64.8px;text-align:center;\"><i style=\"display:inline-block;font-size:36px;line-height:36px;\" class=\"text-primary align-middle pixicon-handshake\"><\/i><\/div><div class=\"media-body\"><h5 class=\"font-weight-bold   text-white animate-in \" style=\"padding-top:0px;\" data-anim-type=\"fade-in-up\" data-anim-delay=\"300\">Relaciones P\u00fablicas<\/h5><div class=\"text-light-opacity-5 text-18     animate-in\" style=\"padding-top:10px;\" data-anim-type=\"fade-in-up\" data-anim-delay=\"400\">Para asuntos de relaciones p\u00fablicas.<\/div><\/div><\/div><\/a>\t\t\t\t<\/div>\n\t\t\t\t<\/div>\n\t\t\t\t<div class=\"elementor-element elementor-element-2de6d5a elementor-invisible elementor-widget elementor-widget-pix-feature\" data-id=\"2de6d5a\" data-element_type=\"widget\" data-e-type=\"widget\" data-widget_type=\"pix-feature.default\">\n\t\t\t\t<div class=\"elementor-widget-container\">\n\t\t\t\t\t<a href=\"https:\/\/forms.gle\/Ys7Da1wqDZXTSgbN8\" target=\"_blank\"><div id=\"duo-icon-35742109\" class=\"media \"><div class=\"rounded-circle d-inline-block mr-3 feature_img bg-white animate-in\" data-anim-type=\"fade-in-up\" data-anim-delay=\"200\" style=\" width:64.8px;height:64.8px;position:relative;line-height:64.8px;text-align:center;\"><i style=\"display:inline-block;font-size:36px;line-height:36px;\" class=\"text-primary align-middle pixicon-msg-2\"><\/i><\/div><div class=\"media-body\"><h5 class=\"font-weight-bold   text-white animate-in \" style=\"padding-top:0px;\" data-anim-type=\"fade-in-up\" data-anim-delay=\"300\">Otros Asuntos<\/h5><div class=\"text-light-opacity-5 text-18     animate-in\" style=\"padding-top:10px;\" data-anim-type=\"fade-in-up\" data-anim-delay=\"400\">Para otros asuntos no cubiertos por los otros formularios.<\/div><\/div><\/div><\/a>\t\t\t\t<\/div>\n\t\t\t\t<\/div>\n\t\t\t\t\t<\/div>\n\t\t<\/div>\n\t\t\t\t\t<\/div>\n\t\t<\/section>\n\t\t\t\t<\/div>\n\t\t","protected":false},"excerpt":{"rendered":"VIDEO GAMES CHILEApoyando a los desarrolladores chilenos videojuegos chilenos M\u00e1s de 10 a\u00f1os otorgando ayuda a la industria Conoce m\u00e1s PromoverA la industria del desarrollo de videojuegos en este pa\u00eds. ConectarA las compa\u00f1\u00edas de desarrollo local con el mercado global&#8230;","protected":false},"author":2,"featured_media":0,"parent":0,"menu_order":0,"comment_status":"closed","ping_status":"closed","template":"","meta":{"footnotes":""},"class_list":["post-3483","page","type-page","status-publish","hentry"],"_links":{"self":[{"href":"https:\/\/videogameschile.com\/home\/wp-json\/wp\/v2\/pages\/3483","targetHints":{"allow":["GET"]}}],"collection":[{"href":"https:\/\/videogameschile.com\/home\/wp-json\/wp\/v2\/pages"}],"about":[{"href":"https:\/\/videogameschile.com\/home\/wp-json\/wp\/v2\/types\/page"}],"author":[{"embeddable":true,"href":"https:\/\/videogameschile.com\/home\/wp-json\/wp\/v2\/users\/2"}],"replies":[{"embeddable":true,"href":"https:\/\/videogameschile.com\/home\/wp-json\/wp\/v2\/comments?post=3483"}],"version-history":[{"count":44,"href":"https:\/\/videogameschile.com\/home\/wp-json\/wp\/v2\/pages\/3483\/revisions"}],"predecessor-version":[{"id":13730,"href":"https:\/\/videogameschile.com\/home\/wp-json\/wp\/v2\/pages\/3483\/revisions\/13730"}],"wp:attachment":[{"href":"https:\/\/videogameschile.com\/home\/wp-json\/wp\/v2\/media?parent=3483"}],"curies":[{"name":"wp","href":"https:\/\/api.w.org\/{rel}","templated":true}]}}